{"id":7037,"date":"2025-07-09T07:34:55","date_gmt":"2025-07-09T07:34:55","guid":{"rendered":"https:\/\/www.priora.eu\/?page_id=7037"},"modified":"2025-12-22T12:13:24","modified_gmt":"2025-12-22T12:13:24","slug":"ginekologija","status":"publish","type":"page","link":"https:\/\/www.priora.eu\/en\/treatments\/gynecology\/","title":{"rendered":"Gynecology"},"content":{"rendered":"\r\n<p>Ginekologija je grana medicine koja se bavi zdravljem \u017eenskog reproduktivnog sustava te dijagnosticiranjem i lije\u010denjem bolesti vezanih uz \u017eenske reproduktivne organe.<\/p>\r\n","protected":false},"excerpt":{"rendered":"<p>Ginekologija je grana medicine koja se bavi zdravljem \u017eenskog reproduktivnog sustava te dijagnosticiranjem i lije\u010denjem bolesti vezanih uz \u017eenske reproduktivne organe.<\/p>\n","protected":false},"author":15,"featured_media":6979,"parent":68,"menu_order":0,"comment_status":"closed","ping_status":"closed","template":"page-templates\/treatment-category-template.php","meta":{"_acf_changed":false,"_seopress_robots_primary_cat":"","_seopress_titles_title":"Gynecology \u2013 Specialist Clinic | IMC Priora \u010cepin","_seopress_titles_desc":"Gynecology at IMC Priora offers specialist gynecological examinations, PAP test, and ultrasound with modern diagnostics and a personalized approach.","_seopress_robots_index":"","footnotes":""},"class_list":["post-7037","page","type-page","status-publish","has-post-thumbnail","hentry"],"acf":[],"_links":{"self":[{"href":"https:\/\/www.priora.eu\/en\/wp-json\/wp\/v2\/pages\/7037","targetHints":{"allow":["GET"]}}],"collection":[{"href":"https:\/\/www.priora.eu\/en\/wp-json\/wp\/v2\/pages"}],"about":[{"href":"https:\/\/www.priora.eu\/en\/wp-json\/wp\/v2\/types\/page"}],"author":[{"embeddable":true,"href":"https:\/\/www.priora.eu\/en\/wp-json\/wp\/v2\/users\/15"}],"replies":[{"embeddable":true,"href":"https:\/\/www.priora.eu\/en\/wp-json\/wp\/v2\/comments?post=7037"}],"version-history":[{"count":18,"href":"https:\/\/www.priora.eu\/en\/wp-json\/wp\/v2\/pages\/7037\/revisions"}],"predecessor-version":[{"id":9670,"href":"https:\/\/www.priora.eu\/en\/wp-json\/wp\/v2\/pages\/7037\/revisions\/9670"}],"up":[{"embeddable":true,"href":"https:\/\/www.priora.eu\/en\/wp-json\/wp\/v2\/pages\/68"}],"wp:featuredmedia":[{"embeddable":true,"href":"https:\/\/www.priora.eu\/en\/wp-json\/wp\/v2\/media\/6979"}],"wp:attachment":[{"href":"https:\/\/www.priora.eu\/en\/wp-json\/wp\/v2\/media?parent=7037"}],"curies":[{"name":"wp","href":"https:\/\/api.w.org\/{rel}","templated":true}]}}